{"id":507,"date":"2023-06-19T15:36:29","date_gmt":"2023-06-19T13:36:29","guid":{"rendered":"https:\/\/mediaclubgreen.dnqclub.com\/?page_id=507"},"modified":"2023-06-19T15:36:29","modified_gmt":"2023-06-19T13:36:29","slug":"mentions-legales","status":"publish","type":"page","link":"https:\/\/mediaclubgreen.dnqclub.com\/index.php\/mentions-legales\/","title":{"rendered":"Mentions l\u00e9gales"},"content":{"rendered":"\n<h3 class=\"wp-block-heading has-vivid-green-cyan-color has-text-color\">mediaClub Green<\/h3>\n\n\n\n<p>Le mediaClub Green est une association r\u00e9gie par la loi du 1er janvier 1901.<br><strong>Notre adresse<\/strong>\u00a0: 5\/7 rue Amp\u00e8re 75017 Paris<\/p>\n\n\n\n<h3 class=\"wp-block-heading has-vivid-green-cyan-color has-text-color\">H\u00e9bergement du site<\/h3>\n\n\n\n<p>(Ce site est h\u00e9berg\u00e9 sur les serveurs de Ovh. Si\u00e8ge social 2 rue Kellermann 59100 Roubaix \u2013 France.)<\/p>\n\n\n\n<h3 class=\"wp-block-heading has-vivid-green-cyan-color has-text-color\">Donn\u00e9es personnelles<\/h3>\n\n\n\n<p>Les donn\u00e9es personnelles collect\u00e9es sont uniquement destin\u00e9es \u00e0 un usage interne. En aucun cas ces donn\u00e9es ne seront c\u00e9d\u00e9es ou vendues \u00e0 des tiers. Vous disposez d\u00b4un droit d\u2019acc\u00e8s, de modification, de rectification et de suppression des donn\u00e9es vous concernant.<\/p>\n\n\n\n<h3 class=\"wp-block-heading has-vivid-green-cyan-color has-text-color\">Droits de propri\u00e9t\u00e9 intellectuelle<\/h3>\n\n\n\n<p>Le pr\u00e9sent site constitue une \u0153uvre dont <strong>Eden Raison <\/strong>est l&rsquo;auteur au sens des articles L. 111.1 et suivants du Code de la propri\u00e9t\u00e9 intellectuelle. Le d\u00e9veloppement et la mise en production du dit site ayant \u00e9t\u00e9 assur\u00e9s par\u00a0Eden Raison \u00a0en collaboration avec Paul Schmidt. Les photographies, textes, slogans, dessins, images, ainsi que toutes \u0153uvres int\u00e9gr\u00e9es dans le site sont la propri\u00e9t\u00e9 du m\u00e9diaClub Green ou de tiers ayant autoris\u00e9 le m\u00e9diaClub Green \u00e0 les utiliser.<\/p>\n\n\n\n<h3 class=\"wp-block-heading has-vivid-green-cyan-color has-text-color\">Cookies<\/h3>\n\n\n\n<p>Les cookies sont des petits fichiers que l\u00b4administrateur d\u2019un serveur installe sur votre ordinateur et qui permettent de m\u00e9moriser des donn\u00e9es relatives \u00e0 l\u2019internaute lorsque celui-ci se connecte au site. Nous utilisons le syst\u00e8me des cookies uniquement afin de m\u00e9moriser des informations destin\u00e9es \u00e0 faciliter votre navigation. Il ne s\u00b4agit en aucun cas de m\u00e9moriser des donn\u00e9es personnelles vous concernant. Il vous est par ailleurs possible \u00e0 tout moment de refuser l\u00b4installation de ces cookies voire de les supprimer. Dans ce cas, nous veillons \u00e0 ce que votre navigation n\u00b4en soit nullement emp\u00each\u00e9e.<\/p>\n\n\n\n<h3 class=\"wp-block-heading has-vivid-green-cyan-color has-text-color\">Liens<\/h3>\n\n\n\n<p>Les sites reli\u00e9s directement ou indirectement au site du m\u00e9diaClub Green ne sont pas sous son contr\u00f4le. En cons\u00e9quence, nous n\u2019assumons aucune responsabilit\u00e9 quant aux informations publi\u00e9es sur ces sites. Les liens avec des sites ext\u00e9rieurs ne sont fournis qu\u2019\u00e0 titre de commodit\u00e9 et n\u2019impliquent aucune caution quant \u00e0 leur contenu.<\/p>\n\n\n\n<h3 class=\"wp-block-heading has-vivid-green-cyan-color has-text-color\">Droit Applicable<\/h3>\n\n\n\n<p>Les pr\u00e9sentes Mentions L\u00e9gales sont soumises au droit interne fran\u00e7ais. La langue des Mentions L\u00e9gales est la langue fran\u00e7aise. En cas de litige, les tribunaux fran\u00e7ais seront seuls comp\u00e9tents.<\/p>\n","protected":false},"excerpt":{"rendered":"<p>mediaClub Green Le mediaClub Green est une association r\u00e9gie par la loi du 1er janvier 1901.Notre adresse\u00a0: 5\/7 rue Amp\u00e8re 75017 Paris H\u00e9bergement du site (Ce site est h\u00e9berg\u00e9 sur les serveurs de Ovh. Si\u00e8ge social 2 rue Kellermann 59100 Roubaix \u2013 France.) Donn\u00e9es personnelles Les donn\u00e9es personnelles collect\u00e9es sont uniquement destin\u00e9es \u00e0 un usage interne. En aucun cas ces donn\u00e9es ne seront c\u00e9d\u00e9es ou vendues \u00e0 des tiers. Vous disposez d\u00b4un droit d\u2019acc\u00e8s, de modification, de rectification et de suppression des donn\u00e9es vous concernant. Droits de propri\u00e9t\u00e9 intellectuelle Le pr\u00e9sent site constitue une \u0153uvre dont Eden Raison est l&rsquo;auteur<\/p>\n","protected":false},"author":2,"featured_media":0,"parent":0,"menu_order":0,"comment_status":"closed","ping_status":"closed","template":"","meta":{"footnotes":""},"class_list":["post-507","page","type-page","status-publish","hentry"],"_links":{"self":[{"href":"https:\/\/mediaclubgreen.dnqclub.com\/index.php\/wp-json\/wp\/v2\/pages\/507","targetHints":{"allow":["GET"]}}],"collection":[{"href":"https:\/\/mediaclubgreen.dnqclub.com\/index.php\/wp-json\/wp\/v2\/pages"}],"about":[{"href":"https:\/\/mediaclubgreen.dnqclub.com\/index.php\/wp-json\/wp\/v2\/types\/page"}],"author":[{"embeddable":true,"href":"https:\/\/mediaclubgreen.dnqclub.com\/index.php\/wp-json\/wp\/v2\/users\/2"}],"replies":[{"embeddable":true,"href":"https:\/\/mediaclubgreen.dnqclub.com\/index.php\/wp-json\/wp\/v2\/comments?post=507"}],"version-history":[{"count":2,"href":"https:\/\/mediaclubgreen.dnqclub.com\/index.php\/wp-json\/wp\/v2\/pages\/507\/revisions"}],"predecessor-version":[{"id":509,"href":"https:\/\/mediaclubgreen.dnqclub.com\/index.php\/wp-json\/wp\/v2\/pages\/507\/revisions\/509"}],"wp:attachment":[{"href":"https:\/\/mediaclubgreen.dnqclub.com\/index.php\/wp-json\/wp\/v2\/media?parent=507"}],"curies":[{"name":"wp","href":"https:\/\/api.w.org\/{rel}","templated":true}]}}