{"id":276,"date":"2023-04-28T11:48:38","date_gmt":"2023-04-28T09:48:38","guid":{"rendered":"https:\/\/mediaclubgreen.dnqclub.com\/?page_id=276"},"modified":"2023-07-10T16:11:38","modified_gmt":"2023-07-10T14:11:38","slug":"nos-articles","status":"publish","type":"page","link":"https:\/\/mediaclubgreen.dnqclub.com\/index.php\/nos-articles\/","title":{"rendered":"Nos Articles"},"content":{"rendered":"\n<div class=\"section-wrapper\" data-id=\"uq19d8\"><section class=\"wp-block-gutenverse-section guten-element guten-section guten-uq19d8 layout-boxed align-stretch\"><div class=\"guten-background-overlay\"><\/div><div class=\"guten-shape-divider guten-shape-divider-top\"><\/div><div class=\"guten-shape-divider guten-shape-divider-bottom\"><\/div><div class=\"guten-container guten-column-gap-default\">\n<div class=\"wp-block-gutenverse-column guten-element guten-column guten-DSklbH\"><div class=\"guten-background-overlay\"><\/div><div class=\"sticky-wrapper\" data-id=\"DSklbH\"><div class=\"guten-column-wrapper\"><div  class=\"gutenverse guten-postblock postblock-type-2 guten-pagination-loadmore  post-element guten-2X5YVz\"  data-id=\"guten-2X5YVz\" data-settings=\"{&quot;numberPost&quot;:&quot;6&quot;,&quot;excerptLength&quot;:&quot;23&quot;,&quot;metaEnabled&quot;:false,&quot;postblockType&quot;:&quot;type-2&quot;,&quot;paginationMode&quot;:&quot;loadmore&quot;,&quot;inheritQuery&quot;:true,&quot;postType&quot;:&quot;post&quot;,&quot;postOffset&quot;:0,&quot;includePost&quot;:[],&quot;excludePost&quot;:[],&quot;includeCategory&quot;:[],&quot;excludeCategory&quot;:[],&quot;includeAuthor&quot;:[],&quot;includeTag&quot;:[],&quot;excludeTag&quot;:[],&quot;htmlTag&quot;:&quot;h3&quot;,&quot;categoryEnabled&quot;:true,&quot;categoryPosition&quot;:&quot;center&quot;,&quot;excerptEnabled&quot;:true,&quot;excerptMore&quot;:&quot;...&quot;,&quot;readmoreEnabled&quot;:true,&quot;readmoreIcon&quot;:&quot;fas fa-arrow-right&quot;,&quot;readmoreIconPosition&quot;:&quot;after&quot;,&quot;readmoreText&quot;:&quot;Read More&quot;,&quot;commentEnabled&quot;:false,&quot;commentIcon&quot;:&quot;fas fa-comment&quot;,&quot;commentIconPosition&quot;:&quot;before&quot;,&quot;metaAuthorEnabled&quot;:true,&quot;metaAuthorByText&quot;:&quot;by&quot;,&quot;metaAuthorIcon&quot;:&quot;fas fa-user&quot;,&quot;metaAuthorIconPosition&quot;:&quot;before&quot;,&quot;metaDateEnabled&quot;:true,&quot;metaDateType&quot;:&quot;published&quot;,&quot;metaDateFormat&quot;:&quot;default&quot;,&quot;metaDateFormatCustom&quot;:&quot;&quot;,&quot;metaDateIcon&quot;:&quot;fas fa-clock&quot;,&quot;metaDateIconPosition&quot;:&quot;before&quot;,&quot;paginationLoadmoreText&quot;:&quot;Load More&quot;,&quot;paginationLoadingText&quot;:&quot;Loading...&quot;,&quot;paginationNumberPost&quot;:3,&quot;paginationScrollLimit&quot;:0,&quot;paginationIcon&quot;:&quot;&quot;,&quot;paginationIconPosition&quot;:&quot;before&quot;,&quot;paged&quot;:1,&quot;class&quot;:null}\"><div class=\"guten-block-container\">\n            <div class=\"guten-posts guten-ajax-flag\">\n            <article class=\"guten-post post-345 post type-post status-publish format-standard has-post-thumbnail hentry category-article-mcg\">\n                    <div class=\"guten-thumb\"><a href=\"javascript:void(0);\" data-href=\"https:\/\/mediaclubgreen.dnqclub.com\/index.php\/2023\/05\/17\/calcul-carbone-interview-croisee-ecroprod-secoya-un-article-du-mediaclubgreen-en-partenariat-avec-ecran-total\/\"><div class=\"thumbnail-container \">\n            <img loading=\"lazy\" decoding=\"async\" width=\"300\" height=\"300\" src=\"https:\/\/mediaclubgreen.dnqclub.com\/wp-content\/uploads\/2018\/11\/Design-sans-titre-4.png\" class=\"attachment-post-thumbnail size-post-thumbnail wp-post-image\" alt=\"\" srcset=\"https:\/\/mediaclubgreen.dnqclub.com\/wp-content\/uploads\/2018\/11\/Design-sans-titre-4.png 300w, https:\/\/mediaclubgreen.dnqclub.com\/wp-content\/uploads\/2018\/11\/Design-sans-titre-4-150x150.png 150w\" sizes=\"auto, (max-width: 300px) 100vw, 300px\" \/>\n\t\t\t<div class=\"guten-overlay\"><\/div>\n        <\/div><\/a><\/div>\n                    <div class=\"guten-postblock-content\"><div class=\"guten-post-category \"><span><a href=\"javascript:void(0);\" data-href=\"https:\/\/mediaclubgreen.dnqclub.com\/index.php\/category\/article-mcg\/\" class=\"category-article-mcg\">Article MCG<\/a><\/span><\/div><h3 class=\"guten-post-title\"><a href=\"javascript:void(0);\" data-href=\"https:\/\/mediaclubgreen.dnqclub.com\/index.php\/2023\/05\/17\/calcul-carbone-interview-croisee-ecroprod-secoya-un-article-du-mediaclubgreen-en-partenariat-avec-ecran-total\/\">Calcul carbone : interview crois\u00e9e Ecroprod \/ Secoya, un article du m\u00e9diaClub\u2019green en partenariat avec Ecran Total.<\/a><\/h3>\n                <div class=\"guten-post-excerpt\"><p>L\u2019un des r\u00f4les principaux du m\u00e9diaClub\u2019green est d\u2019offrir la meilleure visibilit\u00e9 possible sur les outils et les prestataires de la transition environnementale aux&#8230;<\/p><\/div>\n            <div class=\"guten-post-meta-bottom\">\n                <div class=\"guten-meta-readmore icon-position-after\">\n                <a href=\"javascript:void(0);\" data-href=\"https:\/\/mediaclubgreen.dnqclub.com\/index.php\/2023\/05\/17\/calcul-carbone-interview-croisee-ecroprod-secoya-un-article-du-mediaclubgreen-en-partenariat-avec-ecran-total\/\" class=\"guten-readmore\">Read More<i aria-hidden=\"true\" class=\"fas fa-arrow-right\"><\/i><\/a>\n            <\/div>\n            <\/div><\/div>\n                <\/article><article class=\"guten-post post-230 post type-post status-publish format-standard has-post-thumbnail hentry category-article-mcg\">\n                    <div class=\"guten-thumb\"><a href=\"javascript:void(0);\" data-href=\"https:\/\/mediaclubgreen.dnqclub.com\/index.php\/2023\/04\/27\/julien-tricard-fondateur-et-mathieu-delahousse-invites-par-france-info-tv-pour-parler-production-responsable\/\"><div class=\"thumbnail-container \">\n            <img loading=\"lazy\" decoding=\"async\" width=\"300\" height=\"300\" src=\"https:\/\/mediaclubgreen.dnqclub.com\/wp-content\/uploads\/2023\/04\/Design-sans-titre-7.png\" class=\"attachment-post-thumbnail size-post-thumbnail wp-post-image\" alt=\"\" srcset=\"https:\/\/mediaclubgreen.dnqclub.com\/wp-content\/uploads\/2023\/04\/Design-sans-titre-7.png 300w, https:\/\/mediaclubgreen.dnqclub.com\/wp-content\/uploads\/2023\/04\/Design-sans-titre-7-150x150.png 150w\" sizes=\"auto, (max-width: 300px) 100vw, 300px\" \/>\n\t\t\t<div class=\"guten-overlay\"><\/div>\n        <\/div><\/a><\/div>\n                    <div class=\"guten-postblock-content\"><div class=\"guten-post-category \"><span><a href=\"javascript:void(0);\" data-href=\"https:\/\/mediaclubgreen.dnqclub.com\/index.php\/category\/article-mcg\/\" class=\"category-article-mcg\">Article MCG<\/a><\/span><\/div><h3 class=\"guten-post-title\"><a href=\"javascript:void(0);\" data-href=\"https:\/\/mediaclubgreen.dnqclub.com\/index.php\/2023\/04\/27\/julien-tricard-fondateur-et-mathieu-delahousse-invites-par-france-info-tv-pour-parler-production-responsable\/\">Julien Tricard, fondateur et Mathieu Delahousse invit\u00e9s par France Info TV pour parler production responsable:<\/a><\/h3>\n                <div class=\"guten-post-excerpt\"><p>Julien Tricard, producteur audiovisuel chez&nbsp;Lucien TV&nbsp;et fondateur du&nbsp;m\u00e9diaClub Green&nbsp;et&nbsp;Mathieu Delahousse, co-fondateur de&nbsp;Secoya Eco-tournage&nbsp;et membre du bureau, \u00e9taient les invit\u00e9s de Lucie Chaumette sur&#8230;<\/p><\/div>\n            <div class=\"guten-post-meta-bottom\">\n                <div class=\"guten-meta-readmore icon-position-after\">\n                <a href=\"javascript:void(0);\" data-href=\"https:\/\/mediaclubgreen.dnqclub.com\/index.php\/2023\/04\/27\/julien-tricard-fondateur-et-mathieu-delahousse-invites-par-france-info-tv-pour-parler-production-responsable\/\" class=\"guten-readmore\">Read More<i aria-hidden=\"true\" class=\"fas fa-arrow-right\"><\/i><\/a>\n            <\/div>\n            <\/div><\/div>\n                <\/article><article class=\"guten-post post-236 post type-post status-publish format-standard has-post-thumbnail hentry category-article-mcg\">\n                    <div class=\"guten-thumb\"><a href=\"javascript:void(0);\" data-href=\"https:\/\/mediaclubgreen.dnqclub.com\/index.php\/2023\/04\/07\/mathieu-delahousse-et-julien-tricard-au-satis-tv-pour-une-table-ronde-produire-propre-les-solutions\/\"><div class=\"thumbnail-container \">\n            <img loading=\"lazy\" decoding=\"async\" width=\"300\" height=\"300\" src=\"https:\/\/mediaclubgreen.dnqclub.com\/wp-content\/uploads\/2023\/04\/Design-sans-titre-8.png\" class=\"attachment-post-thumbnail size-post-thumbnail wp-post-image\" alt=\"\" srcset=\"https:\/\/mediaclubgreen.dnqclub.com\/wp-content\/uploads\/2023\/04\/Design-sans-titre-8.png 300w, https:\/\/mediaclubgreen.dnqclub.com\/wp-content\/uploads\/2023\/04\/Design-sans-titre-8-150x150.png 150w\" sizes=\"auto, (max-width: 300px) 100vw, 300px\" \/>\n\t\t\t<div class=\"guten-overlay\"><\/div>\n        <\/div><\/a><\/div>\n                    <div class=\"guten-postblock-content\"><div class=\"guten-post-category \"><span><a href=\"javascript:void(0);\" data-href=\"https:\/\/mediaclubgreen.dnqclub.com\/index.php\/category\/article-mcg\/\" class=\"category-article-mcg\">Article MCG<\/a><\/span><\/div><h3 class=\"guten-post-title\"><a href=\"javascript:void(0);\" data-href=\"https:\/\/mediaclubgreen.dnqclub.com\/index.php\/2023\/04\/07\/mathieu-delahousse-et-julien-tricard-au-satis-tv-pour-une-table-ronde-produire-propre-les-solutions\/\">Mathieu Delahousse et Julien Tricard au SATIS TV pour une table ronde \u00ab Produire Propre : les solutions \u00bb<\/a><\/h3>\n                <div class=\"guten-post-excerpt\"><p>Lors d\u2019une table ronde mod\u00e9r\u00e9e par&nbsp;Julien Tricard, pr\u00e9sident du&nbsp;m\u00e9diaClub Green&nbsp;et producteur chez Lucien Tv, et avec la participation de&nbsp;Mathieu Delahousse, diff\u00e9rents intervenants ont&#8230;<\/p><\/div>\n            <div class=\"guten-post-meta-bottom\">\n                <div class=\"guten-meta-readmore icon-position-after\">\n                <a href=\"javascript:void(0);\" data-href=\"https:\/\/mediaclubgreen.dnqclub.com\/index.php\/2023\/04\/07\/mathieu-delahousse-et-julien-tricard-au-satis-tv-pour-une-table-ronde-produire-propre-les-solutions\/\" class=\"guten-readmore\">Read More<i aria-hidden=\"true\" class=\"fas fa-arrow-right\"><\/i><\/a>\n            <\/div>\n            <\/div><\/div>\n                <\/article><article class=\"guten-post post-225 post type-post status-publish format-standard has-post-thumbnail hentry category-article-mcg\">\n                    <div class=\"guten-thumb\"><a href=\"javascript:void(0);\" data-href=\"https:\/\/mediaclubgreen.dnqclub.com\/index.php\/2022\/12\/08\/mediaclub-green-arte-sengage-pour-un-streaming-responsable\/\"><div class=\"thumbnail-container \">\n            <img loading=\"lazy\" decoding=\"async\" width=\"300\" height=\"300\" src=\"https:\/\/mediaclubgreen.dnqclub.com\/wp-content\/uploads\/2022\/12\/Design-sans-titre-9.png\" class=\"attachment-post-thumbnail size-post-thumbnail wp-post-image\" alt=\"\" srcset=\"https:\/\/mediaclubgreen.dnqclub.com\/wp-content\/uploads\/2022\/12\/Design-sans-titre-9.png 300w, https:\/\/mediaclubgreen.dnqclub.com\/wp-content\/uploads\/2022\/12\/Design-sans-titre-9-150x150.png 150w\" sizes=\"auto, (max-width: 300px) 100vw, 300px\" \/>\n\t\t\t<div class=\"guten-overlay\"><\/div>\n        <\/div><\/a><\/div>\n                    <div class=\"guten-postblock-content\"><div class=\"guten-post-category \"><span><a href=\"javascript:void(0);\" data-href=\"https:\/\/mediaclubgreen.dnqclub.com\/index.php\/category\/article-mcg\/\" class=\"category-article-mcg\">Article MCG<\/a><\/span><\/div><h3 class=\"guten-post-title\"><a href=\"javascript:void(0);\" data-href=\"https:\/\/mediaclubgreen.dnqclub.com\/index.php\/2022\/12\/08\/mediaclub-green-arte-sengage-pour-un-streaming-responsable\/\">M\u00e9diaClub Green : ARTE s\u2019engage pour un streaming responsable<\/a><\/h3>\n                <div class=\"guten-post-excerpt\"><p>L\u2019urgence climatique&nbsp;est au c\u0153ur des pr\u00e9occupations d\u2019ARTE. Le groupe prend&nbsp;\u00ab&nbsp;conscience de sa responsabilit\u00e9 dans l\u2019enjeu de transition \u00e9cologique et \u0153uvre pour r\u00e9duire son&#8230;<\/p><\/div>\n            <div class=\"guten-post-meta-bottom\">\n                <div class=\"guten-meta-readmore icon-position-after\">\n                <a href=\"javascript:void(0);\" data-href=\"https:\/\/mediaclubgreen.dnqclub.com\/index.php\/2022\/12\/08\/mediaclub-green-arte-sengage-pour-un-streaming-responsable\/\" class=\"guten-readmore\">Read More<i aria-hidden=\"true\" class=\"fas fa-arrow-right\"><\/i><\/a>\n            <\/div>\n            <\/div><\/div>\n                <\/article><article class=\"guten-post post-219 post type-post status-publish format-standard has-post-thumbnail hentry category-article-mcg\">\n                    <div class=\"guten-thumb\"><a href=\"javascript:void(0);\" data-href=\"https:\/\/mediaclubgreen.dnqclub.com\/index.php\/2022\/12\/05\/le-mediaclub-green-annonce-le-lancement-du-guide-de-lecran-dapres\/\"><div class=\"thumbnail-container \">\n            <img loading=\"lazy\" decoding=\"async\" width=\"300\" height=\"300\" src=\"https:\/\/mediaclubgreen.dnqclub.com\/wp-content\/uploads\/2022\/12\/ecran-dapres.png\" class=\"attachment-post-thumbnail size-post-thumbnail wp-post-image\" alt=\"\" srcset=\"https:\/\/mediaclubgreen.dnqclub.com\/wp-content\/uploads\/2022\/12\/ecran-dapres.png 300w, https:\/\/mediaclubgreen.dnqclub.com\/wp-content\/uploads\/2022\/12\/ecran-dapres-150x150.png 150w\" sizes=\"auto, (max-width: 300px) 100vw, 300px\" \/>\n\t\t\t<div class=\"guten-overlay\"><\/div>\n        <\/div><\/a><\/div>\n                    <div class=\"guten-postblock-content\"><div class=\"guten-post-category \"><span><a href=\"javascript:void(0);\" data-href=\"https:\/\/mediaclubgreen.dnqclub.com\/index.php\/category\/article-mcg\/\" class=\"category-article-mcg\">Article MCG<\/a><\/span><\/div><h3 class=\"guten-post-title\"><a href=\"javascript:void(0);\" data-href=\"https:\/\/mediaclubgreen.dnqclub.com\/index.php\/2022\/12\/05\/le-mediaclub-green-annonce-le-lancement-du-guide-de-lecran-dapres\/\">Le m\u00e9diaClub Green annonce le Lancement du guide de l\u2019\u00e9cran d\u2019apr\u00e8s<\/a><\/h3>\n                <div class=\"guten-post-excerpt\"><p>Le&nbsp;7 d\u00e9cembre 2022, lancement du Guide de L\u2019\u00e9cran d\u2019apr\u00e8s aupr\u00e8s de 160 professionnels&nbsp;du cin\u00e9ma et de l\u2019audiovisuel (producteurs, diffuseurs, auteurs, r\u00e9alisateurs\u2026). Initi\u00e9 en&nbsp;mars&#8230;<\/p><\/div>\n            <div class=\"guten-post-meta-bottom\">\n                <div class=\"guten-meta-readmore icon-position-after\">\n                <a href=\"javascript:void(0);\" data-href=\"https:\/\/mediaclubgreen.dnqclub.com\/index.php\/2022\/12\/05\/le-mediaclub-green-annonce-le-lancement-du-guide-de-lecran-dapres\/\" class=\"guten-readmore\">Read More<i aria-hidden=\"true\" class=\"fas fa-arrow-right\"><\/i><\/a>\n            <\/div>\n            <\/div><\/div>\n                <\/article><article class=\"guten-post post-213 post type-post status-publish format-standard has-post-thumbnail hentry category-article-mcg\">\n                    <div class=\"guten-thumb\"><a href=\"javascript:void(0);\" data-href=\"https:\/\/mediaclubgreen.dnqclub.com\/index.php\/2022\/11\/09\/le-mediaclubgreen-animait-une-table-ronde-produire-propre-les-solutions-lors-de-lexposition-satis\/\"><div class=\"thumbnail-container \">\n            <img loading=\"lazy\" decoding=\"async\" width=\"768\" height=\"644\" src=\"https:\/\/mediaclubgreen.dnqclub.com\/wp-content\/uploads\/2022\/11\/satis-expo-768x644-1.jpeg\" class=\"attachment-post-thumbnail size-post-thumbnail wp-post-image\" alt=\"\" srcset=\"https:\/\/mediaclubgreen.dnqclub.com\/wp-content\/uploads\/2022\/11\/satis-expo-768x644-1.jpeg 768w, https:\/\/mediaclubgreen.dnqclub.com\/wp-content\/uploads\/2022\/11\/satis-expo-768x644-1-300x252.jpeg 300w\" sizes=\"auto, (max-width: 768px) 100vw, 768px\" \/>\n\t\t\t<div class=\"guten-overlay\"><\/div>\n        <\/div><\/a><\/div>\n                    <div class=\"guten-postblock-content\"><div class=\"guten-post-category \"><span><a href=\"javascript:void(0);\" data-href=\"https:\/\/mediaclubgreen.dnqclub.com\/index.php\/category\/article-mcg\/\" class=\"category-article-mcg\">Article MCG<\/a><\/span><\/div><h3 class=\"guten-post-title\"><a href=\"javascript:void(0);\" data-href=\"https:\/\/mediaclubgreen.dnqclub.com\/index.php\/2022\/11\/09\/le-mediaclubgreen-animait-une-table-ronde-produire-propre-les-solutions-lors-de-lexposition-satis\/\">Le M\u00e9diaclub\u2019Green animait une table ronde \u00ab\u00a0Produire propre : les solutions\u00a0\u00bb lors de l\u2019exposition Satis<\/a><\/h3>\n                <div class=\"guten-post-excerpt\"><p>Le m\u00e9diaClub Green \u00e0 eu le plaisir d\u2019animer une&nbsp;table ronde au SATIS, jeudi 10 novembre \u00e0 15h15&nbsp;avec&nbsp;: Leslie Thomas&nbsp;\u2013 Secretaire G\u00e9n\u00e9rale au Centre&#8230;<\/p><\/div>\n            <div class=\"guten-post-meta-bottom\">\n                <div class=\"guten-meta-readmore icon-position-after\">\n                <a href=\"javascript:void(0);\" data-href=\"https:\/\/mediaclubgreen.dnqclub.com\/index.php\/2022\/11\/09\/le-mediaclubgreen-animait-une-table-ronde-produire-propre-les-solutions-lors-de-lexposition-satis\/\" class=\"guten-readmore\">Read More<i aria-hidden=\"true\" class=\"fas fa-arrow-right\"><\/i><\/a>\n            <\/div>\n            <\/div><\/div>\n                <\/article>\n        <\/div>\n        <\/div><div class=\"guten-block-pagination guten-align\"><div class=\"guten-block-loadmore icon-position-before\"><span data-load=\"Load More\" data-loading=\"Loading...\"> Load More<\/span><\/div><\/div><\/div><\/div><\/div><\/div>\n<\/div><\/section><\/div>\n","protected":false},"excerpt":{"rendered":"","protected":false},"author":2,"featured_media":0,"parent":0,"menu_order":0,"comment_status":"closed","ping_status":"closed","template":"","meta":{"footnotes":""},"class_list":["post-276","page","type-page","status-publish","hentry"],"_links":{"self":[{"href":"https:\/\/mediaclubgreen.dnqclub.com\/index.php\/wp-json\/wp\/v2\/pages\/276","targetHints":{"allow":["GET"]}}],"collection":[{"href":"https:\/\/mediaclubgreen.dnqclub.com\/index.php\/wp-json\/wp\/v2\/pages"}],"about":[{"href":"https:\/\/mediaclubgreen.dnqclub.com\/index.php\/wp-json\/wp\/v2\/types\/page"}],"author":[{"embeddable":true,"href":"https:\/\/mediaclubgreen.dnqclub.com\/index.php\/wp-json\/wp\/v2\/users\/2"}],"replies":[{"embeddable":true,"href":"https:\/\/mediaclubgreen.dnqclub.com\/index.php\/wp-json\/wp\/v2\/comments?post=276"}],"version-history":[{"count":2,"href":"https:\/\/mediaclubgreen.dnqclub.com\/index.php\/wp-json\/wp\/v2\/pages\/276\/revisions"}],"predecessor-version":[{"id":633,"href":"https:\/\/mediaclubgreen.dnqclub.com\/index.php\/wp-json\/wp\/v2\/pages\/276\/revisions\/633"}],"wp:attachment":[{"href":"https:\/\/mediaclubgreen.dnqclub.com\/index.php\/wp-json\/wp\/v2\/media?parent=276"}],"curies":[{"name":"wp","href":"https:\/\/api.w.org\/{rel}","templated":true}]}}