{"id":18,"date":"2023-04-14T16:54:46","date_gmt":"2023-04-14T14:54:46","guid":{"rendered":"https:\/\/mediaclubgreen.dnqclub.com\/?page_id=18"},"modified":"2023-04-28T17:52:08","modified_gmt":"2023-04-28T15:52:08","slug":"accueil","status":"publish","type":"page","link":"https:\/\/mediaclubgreen.dnqclub.com\/index.php\/accueil\/","title":{"rendered":"Nous Contacter"},"content":{"rendered":"\n<div class=\"section-wrapper\" data-id=\"oVnLob\"><section class=\"wp-block-gutenverse-section guten-element guten-section guten-oVnLob layout-boxed align-stretch\"><div class=\"guten-background-overlay\"><\/div><div class=\"guten-shape-divider guten-shape-divider-top\"><\/div><div class=\"guten-shape-divider guten-shape-divider-bottom\"><\/div><div class=\"guten-container guten-column-gap-default\">\n<div class=\"wp-block-gutenverse-column guten-element guten-column guten-rBMcxH\"><div class=\"guten-background-overlay\"><\/div><div class=\"sticky-wrapper\" data-id=\"rBMcxH\"><div class=\"guten-column-wrapper\">\n<h5 class=\"wp-block-gutenverse-heading guten-element guten-GKNHka\">Nous sommes l\u00e0 pour vous \u00e9couter <\/h5>\n\n\n\n<div class=\"section-wrapper\" data-id=\"fiToeQ\"><section class=\"wp-block-gutenverse-section guten-element guten-section guten-fiToeQ layout-boxed align-stretch\"><div class=\"guten-background-overlay\"><\/div><div class=\"guten-shape-divider guten-shape-divider-top\"><\/div><div class=\"guten-shape-divider guten-shape-divider-bottom\"><\/div><div class=\"guten-container guten-column-gap-no\">\n<div class=\"wp-block-gutenverse-column guten-element guten-column guten-FTsbXZ\"><div class=\"guten-background-overlay\"><\/div><div class=\"sticky-wrapper\" data-id=\"FTsbXZ\"><div class=\"guten-column-wrapper\">\n<div class=\"wp-block-gutenverse-icon guten-element guten-frDCjc guten-icon\"><span class=\"guten-icon-wrapper rounded stacked\"><i class=\"gtn gtn-phone1-light\"><\/i><\/span><\/div>\n\n\n\n<h3 class=\"wp-block-gutenverse-heading guten-element guten-3aYpzL\">Num\u00e9ro de t\u00e9l\u00e9phone<\/h3>\n\n\n\n<div class=\"guten-element gutenverse-text-editor guten-CQUzxP\"><div class=\"text-content-inner\">\n<p><a href=\"https:\/\/www.google.com\/search?q=m%C3%A9dialcub&amp;oq=m%C3%A9dialcub+&amp;aqs=chrome.0.69i59l2j0i546l2.1529j0j7&amp;sourceid=chrome&amp;ie=UTF-8#\">01 43 55 00 40<\/a><\/p>\n<\/div><\/div>\n\n\n\n<div class=\"guten-element gutenverse-text-editor guten-zAh4nn\"><div class=\"text-content-inner\">\n<p><\/p>\n<\/div><\/div>\n<\/div><\/div><\/div>\n\n\n\n<div class=\"wp-block-gutenverse-column guten-element guten-column guten-AUdTnL\"><div class=\"guten-background-overlay\"><\/div><div class=\"sticky-wrapper\" data-id=\"AUdTnL\"><div class=\"guten-column-wrapper\">\n<div class=\"wp-block-gutenverse-icon guten-element guten-HROil5 guten-icon\"><span class=\"guten-icon-wrapper rounded stacked\"><i class=\"gtn gtn-map-marker-light\"><\/i><\/span><\/div>\n\n\n\n<h3 class=\"wp-block-gutenverse-heading guten-element guten-vHqplE\">Localisation<\/h3>\n\n\n\n<div class=\"guten-element gutenverse-text-editor guten-JZDWvS\"><div class=\"text-content-inner\">\n<p><strong>5-7 RUE AMP\u00c8RE<\/strong><\/p>\n<\/div><\/div>\n\n\n\n<div class=\"guten-element gutenverse-text-editor guten-4eITI4\"><div class=\"text-content-inner\">\n<p>75017 &#8211; PARIS <\/p>\n<\/div><\/div>\n<\/div><\/div><\/div>\n\n\n\n<div class=\"wp-block-gutenverse-column guten-element guten-column guten-HSE8WK\"><div class=\"guten-background-overlay\"><\/div><div class=\"sticky-wrapper\" data-id=\"HSE8WK\"><div class=\"guten-column-wrapper\">\n<div class=\"wp-block-gutenverse-icon guten-element guten-PVtSq0 guten-icon\"><span class=\"guten-icon-wrapper rounded stacked\"><i class=\"gtn gtn-email1-light\"><\/i><\/span><\/div>\n\n\n\n<h3 class=\"wp-block-gutenverse-heading guten-element guten-fNOfuR\">Envoyer un message<\/h3>\n\n\n\n<div class=\"guten-element gutenverse-text-editor guten-bJ2nH4\"><div class=\"text-content-inner\">\n<p><a href=\"mailto:contact@mediaclub-green.fr\">contact@mediaclub-green.fr<\/a><\/p>\n<\/div><\/div>\n\n\n\n<div class=\"guten-element gutenverse-text-editor guten-Zym8YR\"><div class=\"text-content-inner\">\n<p><\/p>\n<\/div><\/div>\n<\/div><\/div><\/div>\n<\/div><\/section><\/div>\n<\/div><\/div><\/div>\n<\/div><\/section><\/div>\n\n\n\n<div class=\"section-wrapper\" data-id=\"GpF4nm\"><section class=\"wp-block-gutenverse-section guten-element guten-section guten-GpF4nm layout-boxed align-stretch\"><div class=\"guten-background-overlay\"><\/div><div class=\"guten-shape-divider guten-shape-divider-top\"><\/div><div class=\"guten-shape-divider guten-shape-divider-bottom\"><\/div><div class=\"guten-container guten-column-gap-default\">\n<div class=\"wp-block-gutenverse-column guten-element guten-column guten-eVe4dM\"><div class=\"guten-background-overlay\"><\/div><div class=\"sticky-wrapper\" data-id=\"eVe4dM\"><div class=\"guten-column-wrapper\">\n<h2 class=\"wp-block-gutenverse-heading guten-element guten-0lApJl\">Envoyez nous un message ! <\/h2>\n\n\n\n<h5 class=\"wp-block-gutenverse-heading guten-element guten-O1649j\">Si vous avez la moindre question ou tout autre remarque  <\/h5>\n\n\n\n<form style=\"display:none\" class=\"guten-element guten-form-builder guten-GeR05R\" data-form-id=\"316\" data-hide-after=\"true\">\n<div class=\"section-wrapper\" data-id=\"hwC8Lk\"><section class=\"wp-block-gutenverse-section guten-element guten-section guten-hwC8Lk layout-boxed align-stretch\"><div class=\"guten-background-overlay\"><\/div><div class=\"guten-shape-divider guten-shape-divider-top\"><\/div><div class=\"guten-shape-divider guten-shape-divider-bottom\"><\/div><div class=\"guten-container guten-column-gap-no\">\n<div class=\"wp-block-gutenverse-column guten-element guten-column guten-hTdIYs\"><div class=\"guten-background-overlay\"><\/div><div class=\"sticky-wrapper\" data-id=\"hTdIYs\"><div class=\"guten-column-wrapper\">\n<div class=\"guten-element guten-form-input-text guten-form-input guten-input-position-top guten-5vWky5 hide-label hide-helper\"><div class=\"label-wrapper\"><\/div><div class=\"main-wrapper\"><input data-validation=\"{&quot;type&quot;:&quot;text&quot;,&quot;required&quot;:false,&quot;validationType&quot;:&quot;none&quot;,&quot;validationWarning&quot;:&quot;Input Invalid&quot;}\" placeholder=\"Pr\u00e9nom\" name=\"input-text-name\" class=\"gutenverse-input gutenverse-input-text\" type=\"text\"\/><div class=\"validation-error\">Input Invalid<\/div><\/div><\/div>\n<\/div><\/div><\/div>\n\n\n\n<div class=\"wp-block-gutenverse-column guten-element guten-column guten-kEfpGR\"><div class=\"guten-background-overlay\"><\/div><div class=\"sticky-wrapper\" data-id=\"kEfpGR\"><div class=\"guten-column-wrapper\">\n<div class=\"guten-element guten-form-input-text guten-form-input guten-input-position-top guten-QgMaRN hide-label hide-helper\"><div class=\"label-wrapper\"><\/div><div class=\"main-wrapper\"><input data-validation=\"{&quot;type&quot;:&quot;text&quot;,&quot;required&quot;:false,&quot;validationType&quot;:&quot;none&quot;,&quot;validationWarning&quot;:&quot;Input Invalid&quot;}\" placeholder=\"Nom \" name=\"input-text-name\" class=\"gutenverse-input gutenverse-input-text\" type=\"text\"\/><div class=\"validation-error\">Input Invalid<\/div><\/div><\/div>\n<\/div><\/div><\/div>\n<\/div><\/section><\/div>\n\n\n\n<div class=\"section-wrapper\" data-id=\"rJufvn\"><section class=\"wp-block-gutenverse-section guten-element guten-section guten-rJufvn layout-boxed align-stretch\"><div class=\"guten-background-overlay\"><\/div><div class=\"guten-shape-divider guten-shape-divider-top\"><\/div><div class=\"guten-shape-divider guten-shape-divider-bottom\"><\/div><div class=\"guten-container guten-column-gap-no\">\n<div class=\"wp-block-gutenverse-column guten-element guten-column guten-3nBUBZ\"><div class=\"guten-background-overlay\"><\/div><div class=\"sticky-wrapper\" data-id=\"3nBUBZ\"><div class=\"guten-column-wrapper\">\n<div class=\"guten-element guten-form-input-email guten-form-input guten-input-position-top guten-QJbdoH hide-label hide-helper\"><div class=\"label-wrapper\"><\/div><div class=\"main-wrapper\"><input data-validation=\"{&quot;type&quot;:&quot;email&quot;,&quot;required&quot;:false,&quot;validationType&quot;:&quot;none&quot;,&quot;validationWarning&quot;:&quot;Input Invalid&quot;}\" placeholder=\"Email\" name=\"input-email\" class=\"gutenverse-input gutenverse-input-email\" type=\"email\"\/><div class=\"validation-error\">Input Invalid<\/div><\/div><\/div>\n<\/div><\/div><\/div>\n\n\n\n<div class=\"wp-block-gutenverse-column guten-element guten-column guten-6TRFpW\"><div class=\"guten-background-overlay\"><\/div><div class=\"sticky-wrapper\" data-id=\"6TRFpW\"><div class=\"guten-column-wrapper\">\n<div class=\"guten-element guten-form-input-text guten-form-input guten-input-position-top guten-Nqblcc hide-label hide-helper\"><div class=\"label-wrapper\"><\/div><div class=\"main-wrapper\"><input data-validation=\"{&quot;type&quot;:&quot;text&quot;,&quot;required&quot;:false,&quot;validationType&quot;:&quot;none&quot;,&quot;validationWarning&quot;:&quot;Input Invalid&quot;}\" placeholder=\"Objet\" name=\"input-text-name\" class=\"gutenverse-input gutenverse-input-text\" type=\"text\"\/><div class=\"validation-error\">Input Invalid<\/div><\/div><\/div>\n<\/div><\/div><\/div>\n<\/div><\/section><\/div>\n\n\n\n<div class=\"guten-element guten-form-input-textarea guten-form-input guten-input-position-top guten-IYqA3y hide-label hide-helper\"><div class=\"label-wrapper\"><\/div><div class=\"main-wrapper\"><textarea data-validation=\"{&quot;type&quot;:&quot;textarea&quot;,&quot;required&quot;:false,&quot;validationType&quot;:&quot;none&quot;,&quot;validationWarning&quot;:&quot;Input Invalid&quot;}\" placeholder=\"Votre message\" name=\"input-textarea\" class=\"gutenverse-input gutenverse-input-text\"><\/textarea><div class=\"validation-error\">Input Invalid<\/div><\/div><\/div>\n\n\n\n<div class=\"guten-element guten-button-wrapper guten-submit-wrapper guten-q9SenD [contact-form-7 id=&quot;299&quot; title=&quot;Formulaire de Contact&quot;]\"><div class=\"form-notification\"><\/div><button class=\"guten-button gutenverse-input-submit guten-button-sm\" type=\"submit\"><span>Envoyer<\/span><\/button><div class=\"gutenverse-input-submit-loader\"><i class=\"fas fa-spinner fa-spin\"><\/i><\/div><\/div>\n<\/form>\n\n\n<p>[contact-form-7 id=\u00a0\u00bb299&Prime; title=\u00a0\u00bbFormulaire de Contact\u00a0\u00bb]<\/p>\n<\/div><\/div><\/div>\n<\/div><\/section><\/div>\n","protected":false},"excerpt":{"rendered":"","protected":false},"author":2,"featured_media":24,"parent":0,"menu_order":0,"comment_status":"closed","ping_status":"closed","template":"","meta":{"footnotes":""},"class_list":["post-18","page","type-page","status-publish","has-post-thumbnail","hentry"],"_links":{"self":[{"href":"https:\/\/mediaclubgreen.dnqclub.com\/index.php\/wp-json\/wp\/v2\/pages\/18","targetHints":{"allow":["GET"]}}],"collection":[{"href":"https:\/\/mediaclubgreen.dnqclub.com\/index.php\/wp-json\/wp\/v2\/pages"}],"about":[{"href":"https:\/\/mediaclubgreen.dnqclub.com\/index.php\/wp-json\/wp\/v2\/types\/page"}],"author":[{"embeddable":true,"href":"https:\/\/mediaclubgreen.dnqclub.com\/index.php\/wp-json\/wp\/v2\/users\/2"}],"replies":[{"embeddable":true,"href":"https:\/\/mediaclubgreen.dnqclub.com\/index.php\/wp-json\/wp\/v2\/comments?post=18"}],"version-history":[{"count":25,"href":"https:\/\/mediaclubgreen.dnqclub.com\/index.php\/wp-json\/wp\/v2\/pages\/18\/revisions"}],"predecessor-version":[{"id":338,"href":"https:\/\/mediaclubgreen.dnqclub.com\/index.php\/wp-json\/wp\/v2\/pages\/18\/revisions\/338"}],"wp:featuredmedia":[{"embeddable":true,"href":"https:\/\/mediaclubgreen.dnqclub.com\/index.php\/wp-json\/wp\/v2\/media\/24"}],"wp:attachment":[{"href":"https:\/\/mediaclubgreen.dnqclub.com\/index.php\/wp-json\/wp\/v2\/media?parent=18"}],"curies":[{"name":"wp","href":"https:\/\/api.w.org\/{rel}","templated":true}]}}